{"id":376,"date":"2020-09-22T11:42:36","date_gmt":"2020-09-22T09:42:36","guid":{"rendered":"https:\/\/www.hassdenteufel.de\/shop\/?post_type=product&#038;p=376"},"modified":"2020-11-02T10:33:48","modified_gmt":"2020-11-02T09:33:48","slug":"kolbenpumpe-aro","status":"publish","type":"product","link":"https:\/\/www.hassdenteufel.de\/shop\/produkt\/kolbenpumpe-aro\/","title":{"rendered":"Kolbenpumpe | ARO"},"content":{"rendered":"<p><strong>Kurzbeschreibung<\/strong><br \/>\nDie Kolbenpumpe eignet sich f\u00fcr den Einsatz bei viskosen Medien von 20.000 mPas bis zu 1.000.000 mPas.<\/p>\n<p>Man unterscheidet zwischen<br \/>\n\u2022 2 Kugelkolbenpumpen: Einsatz bis 100.000 mPas und max. F\u00f6rdervolumen von 68,6 l<br \/>\n\u2022 4 Kugelkolbenpumpen: Einsatz bis 12.000 mPas und max. F\u00f6rdervolumen von 124,0 l<br \/>\n\u2022 Sch\u00f6pfkolbenpumpen: Einsatz bis 1.000.000 mPas und max. F\u00f6rdervolumen von 46,3 l<\/p>\n<p>Die Anwendungen lassen sich in der Regel in 4 Kategorien unterteilen:<br \/>\n\u2022 F\u00f6rderung: einfache F\u00f6rderung von Medien mit niedriger bis mittlerer Viskosit\u00e4t<br \/>\n\u2022 Extrusion: Transportieren von Medien mit mittlerer bis hoher Viskosit\u00e4t unter Einsatz von Zubeh\u00f6r wie Rammpressen und Materialregler<br \/>\n\u2022 Beschichtungsanwendungen: f\u00fcr Spr\u00fch- und Tauch-Materialbeschichtungsaufgaben<br \/>\n\u2022 Dosieren\/F\u00f6rdern: dies beinhaltet die wiederholte F\u00f6rderung einer bestimmten Materialmenge<\/p>\n","protected":false},"excerpt":{"rendered":"<p>Kurzbeschreibung Die Kolbenpumpe eignet sich f\u00fcr den Einsatz bei viskosen Medien von 20.000 mPas bis zu 1.000.000 mPas. Man unterscheidet zwischen \u2022 2 Kugelkolbenpumpen: Einsatz bis 100.000 mPas und max. F\u00f6rdervolumen von 68,6 l \u2022 4 Kugelkolbenpumpen: Einsatz bis 12.000 mPas und max. F\u00f6rdervolumen von 124,0 l \u2022 Sch\u00f6pfkolbenpumpen: Einsatz bis 1.000.000 mPas und max. [&hellip;]<\/p>\n","protected":false},"featured_media":422,"template":"","meta":[],"_links":{"self":[{"href":"https:\/\/www.hassdenteufel.de\/shop\/wp-json\/wp\/v2\/product\/376"}],"collection":[{"href":"https:\/\/www.hassdenteufel.de\/shop\/wp-json\/wp\/v2\/product"}],"about":[{"href":"https:\/\/www.hassdenteufel.de\/shop\/wp-json\/wp\/v2\/types\/product"}],"wp:featuredmedia":[{"embeddable":true,"href":"https:\/\/www.hassdenteufel.de\/shop\/wp-json\/wp\/v2\/media\/422"}],"wp:attachment":[{"href":"https:\/\/www.hassdenteufel.de\/shop\/wp-json\/wp\/v2\/media?parent=376"}],"curies":[{"name":"wp","href":"https:\/\/api.w.org\/{rel}","templated":true}]}}