{"id":375,"date":"2020-09-22T11:40:06","date_gmt":"2020-09-22T09:40:06","guid":{"rendered":"https:\/\/www.hassdenteufel.de\/shop\/?post_type=product&#038;p=375"},"modified":"2020-11-02T10:33:31","modified_gmt":"2020-11-02T09:33:31","slug":"doppelmembranpumpe-aro","status":"publish","type":"product","link":"https:\/\/www.hassdenteufel.de\/shop\/produkt\/doppelmembranpumpe-aro\/","title":{"rendered":"Doppelmembranpumpe | ARO"},"content":{"rendered":"<p><strong>Kenndaten<\/strong><br \/>\nDruckstutzen &#8211; Nennweite DN: \u00bc\u201c \u00f7 3\u201c<br \/>\nF\u00f6rderstrom Q (m\u00b3\/h): 0 \u00f7 62,4<br \/>\nF\u00f6rderh\u00f6he H (bar): 0 \u00f7 20,4<br \/>\nWerkstoffe: Polypropylen, PVDF, Azetal, leitf\u00e4higes Azetal, Edelstahl, Grauguss, Aluminium, Hastelloy, leitf\u00e4higes PVDF, Polypropylen, Azetal<\/p>\n<p><strong>Kurzbeschreibung<\/strong><br \/>\n\u2022 Ideal zur F\u00f6rderung von aggressiven und abrasiven Stoffen mit dynamischen Viskosit\u00e4ten von max. 20.000 mPas bei geringem Verschlei\u00df<br \/>\n\u2022 Schonende F\u00f6rderung von scherempfindlichen Fl\u00fcssigkeiten mit gro\u00dfen Feststoffen ohne W\u00e4rmeentwicklung oder Sch\u00e4umen<br \/>\n\u2022 Keine komplizierte Motorsteuerung n\u00f6tig, auch keine kritischen Auslegungskalkulationen, die bei \u00c4nderungen im System nicht mehr funktionieren<br \/>\n\u2022 Selbstansaugend, Betrieb gegen geschlossene Schieber und kurzfristiger Trockenlauf ohne Schaden m\u00f6glich<br \/>\n\u2022 \u00d6lfreier Betrieb, keine dynamischen Dichtungen, geringer Verschlei\u00df, hohe Standzeit, einfachste Wartung<br \/>\n\u2022 Vielzahl von Materialvarianten vorhanden<br \/>\n\u2022 Zulassung nach EN 2014\/34\/EU<\/p>\n<p><strong>Einsatzgebiete<\/strong><br \/>\n\u2022 Farbe, Lack, L\u00f6semittel, Reinigungsmittel, Schmutzwasser, Lebensmittel, Creme, Klebstoff, \u00d6l, Schmiermittel, Treibstoff, feststoffhaltige Medien<\/p>\n<p>&nbsp;<\/p>\n","protected":false},"excerpt":{"rendered":"<p>Kenndaten Druckstutzen &#8211; Nennweite DN: \u00bc\u201c \u00f7 3\u201c F\u00f6rderstrom Q (m\u00b3\/h): 0 \u00f7 62,4 F\u00f6rderh\u00f6he H (bar): 0 \u00f7 20,4 Werkstoffe: Polypropylen, PVDF, Azetal, leitf\u00e4higes Azetal, Edelstahl, Grauguss, Aluminium, Hastelloy, leitf\u00e4higes PVDF, Polypropylen, Azetal Kurzbeschreibung \u2022 Ideal zur F\u00f6rderung von aggressiven und abrasiven Stoffen mit dynamischen Viskosit\u00e4ten von max. 20.000 mPas bei geringem Verschlei\u00df \u2022 [&hellip;]<\/p>\n","protected":false},"featured_media":421,"template":"","meta":[],"_links":{"self":[{"href":"https:\/\/www.hassdenteufel.de\/shop\/wp-json\/wp\/v2\/product\/375"}],"collection":[{"href":"https:\/\/www.hassdenteufel.de\/shop\/wp-json\/wp\/v2\/product"}],"about":[{"href":"https:\/\/www.hassdenteufel.de\/shop\/wp-json\/wp\/v2\/types\/product"}],"wp:featuredmedia":[{"embeddable":true,"href":"https:\/\/www.hassdenteufel.de\/shop\/wp-json\/wp\/v2\/media\/421"}],"wp:attachment":[{"href":"https:\/\/www.hassdenteufel.de\/shop\/wp-json\/wp\/v2\/media?parent=375"}],"curies":[{"name":"wp","href":"https:\/\/api.w.org\/{rel}","templated":true}]}}