{"id":374,"date":"2020-09-22T11:37:52","date_gmt":"2020-09-22T09:37:52","guid":{"rendered":"https:\/\/www.hassdenteufel.de\/shop\/?post_type=product&#038;p=374"},"modified":"2020-11-02T10:33:13","modified_gmt":"2020-11-02T09:33:13","slug":"fasspumpen-gruen-pumpen","status":"publish","type":"product","link":"https:\/\/www.hassdenteufel.de\/shop\/produkt\/fasspumpen-gruen-pumpen\/","title":{"rendered":"Fasspumpe | Gr\u00fcn-Pumpen"},"content":{"rendered":"<p><strong>Kenndaten<\/strong><br \/>\nDruckstutzen: 1 \u00bc &#8211; 1 \u00bd<br \/>\nF\u00f6rderstrom Q (l\/min): 0 &#8211; 110<br \/>\nF\u00f6rderh\u00f6he H (bar): 0 &#8211; 50<br \/>\nWerkstoffe:\u00a0 Polypropylen, PVDF, Aluminium, Edelstahl, Hastelloy<\/p>\n<p><strong>Kurzbeschreibung<\/strong><br \/>\n\u2022 Umf\u00fcllen und Entleeren von F\u00e4ssern und Containern<br \/>\n\u2022 Dichtungslose Ausf\u00fchrung &#8211; f\u00fcr aggressive, d\u00fcnnfl\u00fcssige Medien<br \/>\n\u2022 Ohne Wellenf\u00fchrungsrohr &#8211; freiliegende Antriebswelle, schnell demontierbar, leicht zu reinigen<br \/>\n\u2022 Mehrstufige Ausf\u00fchrung &#8211; dadurch niedrige Drehzahl, weniger Verschlei\u00df, geringerer Schallpegel und h\u00f6herer Druck m\u00f6glich<br \/>\n\u2022 Schnellwechselkupplung &#8211; schnelle Ankopplung, robuste Ausf\u00fchrung, stabile Bogenzahnkupplung, unempfindlich gegen Verschmutzung und aggressive Umgebung<br \/>\n\u2022 Sicher &#8211; einsetzbar im ATEX-Bereich<br \/>\n\u2022 Exzenterschnecken-Fasspumpe &#8211; f\u00fcr viskose Fl\u00fcssigkeiten<\/p>\n<p><strong>Einsatzgebiete<\/strong><br \/>\n\u2022 S\u00e4uren und Laugen, Farben, Reinigungsmittel, Mineral\u00f6le, Diesel, Biokraftstoffe, L\u00f6semittel, Pharmazeutika, Kosmetika, Getr\u00e4nke und Lebensmittel<\/p>\n","protected":false},"excerpt":{"rendered":"<p>Kenndaten Druckstutzen: 1 \u00bc &#8211; 1 \u00bd F\u00f6rderstrom Q (l\/min): 0 &#8211; 110 F\u00f6rderh\u00f6he H (bar): 0 &#8211; 50 Werkstoffe:\u00a0 Polypropylen, PVDF, Aluminium, Edelstahl, Hastelloy Kurzbeschreibung \u2022 Umf\u00fcllen und Entleeren von F\u00e4ssern und Containern \u2022 Dichtungslose Ausf\u00fchrung &#8211; f\u00fcr aggressive, d\u00fcnnfl\u00fcssige Medien \u2022 Ohne Wellenf\u00fchrungsrohr &#8211; freiliegende Antriebswelle, schnell demontierbar, leicht zu reinigen \u2022 Mehrstufige [&hellip;]<\/p>\n","protected":false},"featured_media":0,"template":"","meta":[],"_links":{"self":[{"href":"https:\/\/www.hassdenteufel.de\/shop\/wp-json\/wp\/v2\/product\/374"}],"collection":[{"href":"https:\/\/www.hassdenteufel.de\/shop\/wp-json\/wp\/v2\/product"}],"about":[{"href":"https:\/\/www.hassdenteufel.de\/shop\/wp-json\/wp\/v2\/types\/product"}],"wp:attachment":[{"href":"https:\/\/www.hassdenteufel.de\/shop\/wp-json\/wp\/v2\/media?parent=374"}],"curies":[{"name":"wp","href":"https:\/\/api.w.org\/{rel}","templated":true}]}}