{"id":372,"date":"2020-09-22T11:34:16","date_gmt":"2020-09-22T09:34:16","guid":{"rendered":"https:\/\/www.hassdenteufel.de\/shop\/?post_type=product&#038;p=372"},"modified":"2020-11-02T10:32:39","modified_gmt":"2020-11-02T09:32:39","slug":"abwassertauchmotorpumpe-faggiolati","status":"publish","type":"product","link":"https:\/\/www.hassdenteufel.de\/shop\/produkt\/abwassertauchmotorpumpe-faggiolati\/","title":{"rendered":"Abwassertauchmotorpumpe | Faggiolati"},"content":{"rendered":"<p><strong>Kenndaten<\/strong><br \/>\nDruckstutzen &#8211; Nennweite DN: 40 \u00f7 500<br \/>\nF\u00f6rderstrom Q (m\u00b3\/h): 5 \u00f7 3.600<br \/>\nF\u00f6rderh\u00f6he H (m): 0 \u00f7 75<br \/>\nAntriebsleistung (kW): 0,5 \u00f7 350<br \/>\nWerkstoffe:\u00a0 Grauguss, Bronze, Edelstahl, Duplex, Superduplex, Hastelloy<\/p>\n<p><strong>Kurzbeschreibung<\/strong><br \/>\n\u2022 Abwassertauchmotorpumpe zur F\u00f6rderung von Schmutz- und Rohabwasser mit hohem Feststoffanteil<br \/>\n\u2022 Verschiedene Varianten in ATEX lieferbar<br \/>\n\u2022 Ausf\u00fchrungen mit Freistrom-, Ein- oder Mehrkanallaufr\u00e4dern oder mit Schneideinrichtung<\/p>\n<p><strong>Einsatzgebiete<\/strong><br \/>\n\u2022 Kommunale und industrielle W\u00e4sser und Abwasserbehandlung<br \/>\n\u2022 Industrielle Reinigungs- und Waschanlagen<br \/>\n\u2022 Chemische und Pharmazeutische Industrie<br \/>\n\u2022 Textilindustrie, Gerbereien<br \/>\n\u2022 Industrielle Wasseraufbereitung<br \/>\n\u2022 Einsatz in Regenr\u00fcckhaltebecken<\/p>\n<p><strong>Weitere Produkte<\/strong><br \/>\n\u2022 R\u00fchrwerke<br \/>\n\u2022 Bel\u00fcftungssysteme<\/p>\n","protected":false},"excerpt":{"rendered":"<p>Kenndaten Druckstutzen &#8211; Nennweite DN: 40 \u00f7 500 F\u00f6rderstrom Q (m\u00b3\/h): 5 \u00f7 3.600 F\u00f6rderh\u00f6he H (m): 0 \u00f7 75 Antriebsleistung (kW): 0,5 \u00f7 350 Werkstoffe:\u00a0 Grauguss, Bronze, Edelstahl, Duplex, Superduplex, Hastelloy Kurzbeschreibung \u2022 Abwassertauchmotorpumpe zur F\u00f6rderung von Schmutz- und Rohabwasser mit hohem Feststoffanteil \u2022 Verschiedene Varianten in ATEX lieferbar \u2022 Ausf\u00fchrungen mit Freistrom-, Ein- [&hellip;]<\/p>\n","protected":false},"featured_media":429,"template":"","meta":[],"_links":{"self":[{"href":"https:\/\/www.hassdenteufel.de\/shop\/wp-json\/wp\/v2\/product\/372"}],"collection":[{"href":"https:\/\/www.hassdenteufel.de\/shop\/wp-json\/wp\/v2\/product"}],"about":[{"href":"https:\/\/www.hassdenteufel.de\/shop\/wp-json\/wp\/v2\/types\/product"}],"wp:featuredmedia":[{"embeddable":true,"href":"https:\/\/www.hassdenteufel.de\/shop\/wp-json\/wp\/v2\/media\/429"}],"wp:attachment":[{"href":"https:\/\/www.hassdenteufel.de\/shop\/wp-json\/wp\/v2\/media?parent=372"}],"curies":[{"name":"wp","href":"https:\/\/api.w.org\/{rel}","templated":true}]}}