{"id":368,"date":"2020-09-22T11:23:09","date_gmt":"2020-09-22T09:23:09","guid":{"rendered":"https:\/\/www.hassdenteufel.de\/shop\/?post_type=product&#038;p=368"},"modified":"2020-11-02T10:31:29","modified_gmt":"2020-11-02T09:31:29","slug":"magnetgekuppelte-pumpe-little-giant","status":"publish","type":"product","link":"https:\/\/www.hassdenteufel.de\/shop\/produkt\/magnetgekuppelte-pumpe-little-giant\/","title":{"rendered":"Magnetgekuppelte Pumpe | Little Giant"},"content":{"rendered":"<p><strong>Kenndaten<\/strong><br \/>\nDruckstutzen &#8211; Nennweite DN: \u00bd\u201c \u00f7 1\u201c<br \/>\nF\u00f6rderstrom Q (m\u00b3\/h): 0,2 \u00f7 10,8<br \/>\nF\u00f6rderh\u00f6he H (m): 0 \u00f7 12,3<br \/>\nAntriebsleistung (kW): 0,02 \u00f7 1,1<br \/>\nWerkstoffe: Polypropylen, Ryton (PPS), Kynar (PVDF)<\/p>\n<p><strong>Kurzbeschreibung<\/strong><br \/>\n\u2022 Magnetgekuppelte, horizontale Kreiselpumpe in Blockbauweise<br \/>\n\u2022 Hydraulikteil aus glasfaserverst\u00e4rktem Polypropylen, PPS oder PVDF<br \/>\n\u2022 Karbon oder PTFE-Karbon Lagerbuchsen<br \/>\n\u2022 Keramik Welle<\/p>\n<p><strong>Einsatzgebiete<\/strong><br \/>\n\u2022 Zur F\u00f6rderung von reinen, nicht explosiven Fl\u00fcssigkeiten, ohne abrasive Bestandteile, welche die Pumpenwerkstoffe nicht angreifen<br \/>\n\u2022 F\u00f6rderung bzw. Zirkulation von sauren oder alkalischen Fl\u00fcssigkeiten, nicht brennbaren L\u00f6semitteln<br \/>\n\u2022 Laugen, Beschichtungsl\u00f6sungen<br \/>\n\u2022 Galvanik<br \/>\n\u2022 Chemische Industrie<\/p>\n","protected":false},"excerpt":{"rendered":"<p>Kenndaten Druckstutzen &#8211; Nennweite DN: \u00bd\u201c \u00f7 1\u201c F\u00f6rderstrom Q (m\u00b3\/h): 0,2 \u00f7 10,8 F\u00f6rderh\u00f6he H (m): 0 \u00f7 12,3 Antriebsleistung (kW): 0,02 \u00f7 1,1 Werkstoffe: Polypropylen, Ryton (PPS), Kynar (PVDF) Kurzbeschreibung \u2022 Magnetgekuppelte, horizontale Kreiselpumpe in Blockbauweise \u2022 Hydraulikteil aus glasfaserverst\u00e4rktem Polypropylen, PPS oder PVDF \u2022 Karbon oder PTFE-Karbon Lagerbuchsen \u2022 Keramik Welle Einsatzgebiete [&hellip;]<\/p>\n","protected":false},"featured_media":423,"template":"","meta":[],"_links":{"self":[{"href":"https:\/\/www.hassdenteufel.de\/shop\/wp-json\/wp\/v2\/product\/368"}],"collection":[{"href":"https:\/\/www.hassdenteufel.de\/shop\/wp-json\/wp\/v2\/product"}],"about":[{"href":"https:\/\/www.hassdenteufel.de\/shop\/wp-json\/wp\/v2\/types\/product"}],"wp:featuredmedia":[{"embeddable":true,"href":"https:\/\/www.hassdenteufel.de\/shop\/wp-json\/wp\/v2\/media\/423"}],"wp:attachment":[{"href":"https:\/\/www.hassdenteufel.de\/shop\/wp-json\/wp\/v2\/media?parent=368"}],"curies":[{"name":"wp","href":"https:\/\/api.w.org\/{rel}","templated":true}]}}