{"id":367,"date":"2020-09-22T11:21:12","date_gmt":"2020-09-22T09:21:12","guid":{"rendered":"https:\/\/www.hassdenteufel.de\/shop\/?post_type=product&#038;p=367"},"modified":"2020-11-02T10:31:11","modified_gmt":"2020-11-02T09:31:11","slug":"magnet-peripheralpumpe","status":"publish","type":"product","link":"https:\/\/www.hassdenteufel.de\/shop\/produkt\/magnet-peripheralpumpe\/","title":{"rendered":"Magnet-\/Peripheralpumpe | Simaco"},"content":{"rendered":"<p><strong>Kenndaten<\/strong><br \/>\nDruckstutzen &#8211; Nennweite DN: \u00bc\u201c \u00f7 \u00be\u201c<br \/>\nF\u00f6rderstrom Q (l\/min): 3 \u00f7 108<br \/>\nF\u00f6rderh\u00f6he H (m): 3 \u00f7 112<br \/>\nAntriebsleistung (kW): 0,14 \u00f7 3<br \/>\nBauform: Horizontal, vertikal<br \/>\nWerkstoffe:\u00a0 Messing, Kunststoff, Edelstahl<br \/>\nAusf\u00fchrungen: Dichtungslos, Gleitringdichtung, magnetische Kupplung<\/p>\n<p><strong>Kurzbeschreibung<\/strong><br \/>\n\u2022 Peripheralradpumpe in horizontaler und vertikaler (Eintauchpumpe) Bauart<br \/>\n\u2022 Geh\u00e4usewerkstoff Messing, Edelstahl oder Kunststoff (PPS)<br \/>\n\u2022 Laufr\u00e4der aus Messing, Edelstahl, PEEK<br \/>\n\u2022 VP: Ausf\u00fchrung dichtungslos als Eintauchpumpe<br \/>\n\u2022 MDCX: Ausf\u00fchrung dichtungslos mit Magnetkupplung<br \/>\n\u2022 C, CX: Ausf\u00fchrung mit Gleitringdichtung<\/p>\n<p><strong>Einsatzgebiete<\/strong><br \/>\n\u2022 Zur F\u00f6rderung von reinen, nicht aggressiven Fl\u00fcssigkeiten, ohne abrasive Bestand teile, welche die Pumpenwerkstoffe nicht angreifen<br \/>\n\u2022 \u00d6l-Temperieranlagen<br \/>\n\u2022 Wasser-Temperieranlagen<br \/>\n\u2022 Dampferzeuger<br \/>\n\u2022 Sterilisationsanlagen<br \/>\n\u2022 Drucksteigerungsanlagen<br \/>\n\u2022 Medizintechnik<\/p>\n","protected":false},"excerpt":{"rendered":"<p>Kenndaten Druckstutzen &#8211; Nennweite DN: \u00bc\u201c \u00f7 \u00be\u201c F\u00f6rderstrom Q (l\/min): 3 \u00f7 108 F\u00f6rderh\u00f6he H (m): 3 \u00f7 112 Antriebsleistung (kW): 0,14 \u00f7 3 Bauform: Horizontal, vertikal Werkstoffe:\u00a0 Messing, Kunststoff, Edelstahl Ausf\u00fchrungen: Dichtungslos, Gleitringdichtung, magnetische Kupplung Kurzbeschreibung \u2022 Peripheralradpumpe in horizontaler und vertikaler (Eintauchpumpe) Bauart \u2022 Geh\u00e4usewerkstoff Messing, Edelstahl oder Kunststoff (PPS) \u2022 Laufr\u00e4der [&hellip;]<\/p>\n","protected":false},"featured_media":418,"template":"","meta":[],"_links":{"self":[{"href":"https:\/\/www.hassdenteufel.de\/shop\/wp-json\/wp\/v2\/product\/367"}],"collection":[{"href":"https:\/\/www.hassdenteufel.de\/shop\/wp-json\/wp\/v2\/product"}],"about":[{"href":"https:\/\/www.hassdenteufel.de\/shop\/wp-json\/wp\/v2\/types\/product"}],"wp:featuredmedia":[{"embeddable":true,"href":"https:\/\/www.hassdenteufel.de\/shop\/wp-json\/wp\/v2\/media\/418"}],"wp:attachment":[{"href":"https:\/\/www.hassdenteufel.de\/shop\/wp-json\/wp\/v2\/media?parent=367"}],"curies":[{"name":"wp","href":"https:\/\/api.w.org\/{rel}","templated":true}]}}