{"id":366,"date":"2020-09-22T11:18:41","date_gmt":"2020-09-22T09:18:41","guid":{"rendered":"https:\/\/www.hassdenteufel.de\/shop\/?post_type=product&#038;p=366"},"modified":"2020-11-02T10:30:53","modified_gmt":"2020-11-02T09:30:53","slug":"sacemi-eintauchpumpe","status":"publish","type":"product","link":"https:\/\/www.hassdenteufel.de\/shop\/produkt\/sacemi-eintauchpumpe\/","title":{"rendered":"Eintauchpumpe | Sacemi"},"content":{"rendered":"<p><strong>Kenndaten<\/strong><br \/>\nDruckstutzen &#8211; Nennweite DN: 3\/8\u201c \u00f7 2\u00bd\u201c<br \/>\nF\u00f6rderstrom Q (m\u00b3\/h): 0,3 \u00f7 85<br \/>\nF\u00f6rderh\u00f6he H (m): 1 \u00f7 98<br \/>\nAntriebsleistung (kW): 0,03 \u00f7 5,5<br \/>\nDrehzahl (1\/min): 2.900<br \/>\nWerkstoffe: Nylon, Aluminium, PBT, Messing<\/p>\n<p><strong>Kurzbeschreibung<\/strong><br \/>\n\u2022 Die Pumpe eignet sich zur F\u00f6rderung von Fl\u00fcssigkeiten (Verunreinigungen je nach Typ bis max. 3 mm)<br \/>\n\u2022 Die hydraulischen Komponenten erm\u00f6glichen die Anwendung mit Wasser, Emulsionen und \u00f6lhaltigen Substanzen im Allgemeinen, die Viskosit\u00e4t darf 21 cSt (3\u00b0 Engler) nicht \u00fcbersteigen<br \/>\n\u2022 Zur Montage auf einem Tank<br \/>\n\u2022 Die Temperatur der Fl\u00fcssigkeit darf, je nach Typ, 70 \u00b0C bis 90 \u00b0C nicht \u00fcberschreiten<\/p>\n<p><strong>Einsatzgebiete<\/strong><br \/>\n\u2022 Werkzeugmaschinen (Fr\u00e4sen, Drehen, Bohren, Schleifen)<br \/>\n\u2022 Glasbearbeitungsmaschinen (Version TRI)<br \/>\n\u2022 Anlagen zur Oberfl\u00e4chenbehandlung<br \/>\n\u2022 Filtrieranlagen<br \/>\n\u2022 Klima- und Konditionierungsanlagen<\/p>\n","protected":false},"excerpt":{"rendered":"<p>Kenndaten Druckstutzen &#8211; Nennweite DN: 3\/8\u201c \u00f7 2\u00bd\u201c F\u00f6rderstrom Q (m\u00b3\/h): 0,3 \u00f7 85 F\u00f6rderh\u00f6he H (m): 1 \u00f7 98 Antriebsleistung (kW): 0,03 \u00f7 5,5 Drehzahl (1\/min): 2.900 Werkstoffe: Nylon, Aluminium, PBT, Messing Kurzbeschreibung \u2022 Die Pumpe eignet sich zur F\u00f6rderung von Fl\u00fcssigkeiten (Verunreinigungen je nach Typ bis max. 3 mm) \u2022 Die hydraulischen Komponenten [&hellip;]<\/p>\n","protected":false},"featured_media":430,"template":"","meta":[],"_links":{"self":[{"href":"https:\/\/www.hassdenteufel.de\/shop\/wp-json\/wp\/v2\/product\/366"}],"collection":[{"href":"https:\/\/www.hassdenteufel.de\/shop\/wp-json\/wp\/v2\/product"}],"about":[{"href":"https:\/\/www.hassdenteufel.de\/shop\/wp-json\/wp\/v2\/types\/product"}],"wp:featuredmedia":[{"embeddable":true,"href":"https:\/\/www.hassdenteufel.de\/shop\/wp-json\/wp\/v2\/media\/430"}],"wp:attachment":[{"href":"https:\/\/www.hassdenteufel.de\/shop\/wp-json\/wp\/v2\/media?parent=366"}],"curies":[{"name":"wp","href":"https:\/\/api.w.org\/{rel}","templated":true}]}}