{"id":363,"date":"2020-09-22T11:13:45","date_gmt":"2020-09-22T09:13:45","guid":{"rendered":"https:\/\/www.hassdenteufel.de\/shop\/?post_type=product&#038;p=363"},"modified":"2020-11-02T10:30:02","modified_gmt":"2020-11-02T09:30:02","slug":"entwaesserungs-tauchmotorpumpe-aus-cr-ni-stahl-gqr-gqs-gqv","status":"publish","type":"product","link":"https:\/\/www.hassdenteufel.de\/shop\/produkt\/entwaesserungs-tauchmotorpumpe-aus-cr-ni-stahl-gqr-gqs-gqv\/","title":{"rendered":"Entw\u00e4sserungs-Tauchmotorpumpe aus Cr-Ni-Stahl | GQR, GQS, GQV"},"content":{"rendered":"<p><strong>Kenndaten<\/strong><br \/>\nDruckstutzen &#8211; Nennweite DN: G1\u00bc \u00f7 G2<br \/>\nF\u00f6rderstrom Q (m\u00b3\/h): 0,3 \u00f7 36<br \/>\nF\u00f6rderh\u00f6he H (m): 1,5 \u00f7 20<br \/>\nAntriebsleistung (kW): 0,45 \u00f7 2,2<br \/>\nDrehzahl (1\/min): 2.900<br \/>\nWerkstoffe: Grauguss, Cr-Ni Stahl<\/p>\n<p><strong>Kurzbeschreibung<\/strong><br \/>\n\u2022 Schmutzwasser-Tauchmotorpumpe, mit offenem Laufrad<br \/>\n\u2022 GQR: mit vertikalem Druckstutzen G 1 1\/2\u201c<br \/>\n\u2022 GQR 10 32: mit horizontalem Druckstutzen G 1 1\/2\u201c und Flanschanschluss DN 32, PN 6<br \/>\n\u2022 GQV: mit horizontalem Flanschanschluss, DN 50 und Gewinde G2<br \/>\n\u2022 GQS: mit vertikalem Gewindeanschluss G2\u201c<br \/>\n\u2022 Doppelte Wellenabdichtung mit zwischenliegender \u00d6lkammer f\u00fcr erh\u00f6hten Schutz vor Trockenlauf<\/p>\n<p><strong>Einsatzgebiete<\/strong><br \/>\n\u2022 F\u00fcr verschmutztes Wasser mit Feststoffen von 10 mm (GQR) &#8211; 50 mm (GQV) Korngr\u00f6\u00dfe<br \/>\n\u2022 F\u00fcr Drainagesch\u00e4chte oder zur Tankentleerung<br \/>\n\u2022 Zur Wasserentnahme aus Teichen, B\u00e4chen oder Regenwasser-Sammelbecken<br \/>\n\u2022 Zur Bew\u00e4sserung<\/p>\n","protected":false},"excerpt":{"rendered":"<p>Kenndaten Druckstutzen &#8211; Nennweite DN: G1\u00bc \u00f7 G2 F\u00f6rderstrom Q (m\u00b3\/h): 0,3 \u00f7 36 F\u00f6rderh\u00f6he H (m): 1,5 \u00f7 20 Antriebsleistung (kW): 0,45 \u00f7 2,2 Drehzahl (1\/min): 2.900 Werkstoffe: Grauguss, Cr-Ni Stahl Kurzbeschreibung \u2022 Schmutzwasser-Tauchmotorpumpe, mit offenem Laufrad \u2022 GQR: mit vertikalem Druckstutzen G 1 1\/2\u201c \u2022 GQR 10 32: mit horizontalem Druckstutzen G 1 [&hellip;]<\/p>\n","protected":false},"featured_media":414,"template":"","meta":[],"_links":{"self":[{"href":"https:\/\/www.hassdenteufel.de\/shop\/wp-json\/wp\/v2\/product\/363"}],"collection":[{"href":"https:\/\/www.hassdenteufel.de\/shop\/wp-json\/wp\/v2\/product"}],"about":[{"href":"https:\/\/www.hassdenteufel.de\/shop\/wp-json\/wp\/v2\/types\/product"}],"wp:featuredmedia":[{"embeddable":true,"href":"https:\/\/www.hassdenteufel.de\/shop\/wp-json\/wp\/v2\/media\/414"}],"wp:attachment":[{"href":"https:\/\/www.hassdenteufel.de\/shop\/wp-json\/wp\/v2\/media?parent=363"}],"curies":[{"name":"wp","href":"https:\/\/api.w.org\/{rel}","templated":true}]}}