{"id":362,"date":"2020-09-22T11:07:58","date_gmt":"2020-09-22T09:07:58","guid":{"rendered":"https:\/\/www.hassdenteufel.de\/shop\/?post_type=product&#038;p=362"},"modified":"2020-11-02T12:54:42","modified_gmt":"2020-11-02T11:54:42","slug":"entwaesserungs-tauchmotorpumpe-aus-cr-ni-stahl-gxr-gxv","status":"publish","type":"product","link":"https:\/\/www.hassdenteufel.de\/shop\/produkt\/entwaesserungs-tauchmotorpumpe-aus-cr-ni-stahl-gxr-gxv\/","title":{"rendered":"Entw\u00e4sserungs-Tauchmotorpumpe aus Cr-Ni-Stahl | GXR, GXV"},"content":{"rendered":"<p><strong>Kenndaten<\/strong><br \/>\nDruckstutzen &#8211; Nennweite DN:\u00a0 G1\u00bc \u00f7 G1\u00bd<br \/>\nF\u00f6rderstrom Q (m\u00b3\/h): 0,3 \u00f7 30<br \/>\nF\u00f6rderh\u00f6he H (m): 1,5 \u00f7 20<br \/>\nAntriebsleistung (kW): 0,45 \u00f7 2,2<br \/>\nDrehzahl (1\/min): 2.900<br \/>\nWerkstoffe: Cr-Ni Stahl<\/p>\n<p><strong>Kurzbeschreibung<\/strong><br \/>\n\u2022 Voll \u00fcberflutbare einstufige Tauchmotorpumpe aus Chrom-Nickel-Stahl, mit vertikalem Druckstutzen<br \/>\n\u2022 GXR: mit offenem Laufrad<br \/>\n\u2022 GXV: mit Freistromrad (Vortex-Laufrad)<br \/>\n\u2022 Motork\u00fchlung durch str\u00f6mendes Wasser zwischen Motor- und Pumpenmantel<br \/>\n\u2022 Doppelte Wellenabdichtung mit zwischen liegender \u00d6lkammer<br \/>\n\u2022 Minimale Abmessungen und gro\u00dfe F\u00f6rderleistung, f\u00fcr die Anwendung in den verschiedensten Einsatzf\u00e4llen<br \/>\n\u2022 Sonderanfertigungen auf Anfrage<\/p>\n<p><strong>Einsatzgebiete<\/strong><br \/>\n\u2022 GXR: F\u00fcr reines Wasser, auch mit Festbestandteilen bis 10 mm Korngr\u00f6\u00dfe<br \/>\n\u2022 GXV: F\u00fcr sauberes oder leicht verschmutztes Wasser, mit Feststoffen bis 25 mm Korngr\u00f6\u00dfe, besonders geeignet f\u00fcr Fl\u00fcssigkeiten mit h\u00f6herem Feststoffgehalt<br \/>\n\u2022 Zur Entw\u00e4sserung von Kellern, oder \u00fcberfluteten R\u00e4umen<br \/>\n\u2022 Zur Wasserentnahme aus Teichen, B\u00e4chen oder Regenwasser-Sammelbecken und zur Bew\u00e4sserung<br \/>\n\u2022 Nach EN60335-2-41 muss die Kabell\u00e4nge zur Verwendung im Freien mindestens 10 m betragen<\/p>\n<p><strong>Download<\/strong><\/p>\n<p>&nbsp;<\/p>\n<p>&nbsp;<\/p>\n","protected":false},"excerpt":{"rendered":"<p>Kenndaten Druckstutzen &#8211; Nennweite DN:\u00a0 G1\u00bc \u00f7 G1\u00bd F\u00f6rderstrom Q (m\u00b3\/h): 0,3 \u00f7 30 F\u00f6rderh\u00f6he H (m): 1,5 \u00f7 20 Antriebsleistung (kW): 0,45 \u00f7 2,2 Drehzahl (1\/min): 2.900 Werkstoffe: Cr-Ni Stahl Kurzbeschreibung \u2022 Voll \u00fcberflutbare einstufige Tauchmotorpumpe aus Chrom-Nickel-Stahl, mit vertikalem Druckstutzen \u2022 GXR: mit offenem Laufrad \u2022 GXV: mit Freistromrad (Vortex-Laufrad) \u2022 Motork\u00fchlung durch [&hellip;]<\/p>\n","protected":false},"featured_media":410,"template":"","meta":[],"_links":{"self":[{"href":"https:\/\/www.hassdenteufel.de\/shop\/wp-json\/wp\/v2\/product\/362"}],"collection":[{"href":"https:\/\/www.hassdenteufel.de\/shop\/wp-json\/wp\/v2\/product"}],"about":[{"href":"https:\/\/www.hassdenteufel.de\/shop\/wp-json\/wp\/v2\/types\/product"}],"wp:featuredmedia":[{"embeddable":true,"href":"https:\/\/www.hassdenteufel.de\/shop\/wp-json\/wp\/v2\/media\/410"}],"wp:attachment":[{"href":"https:\/\/www.hassdenteufel.de\/shop\/wp-json\/wp\/v2\/media?parent=362"}],"curies":[{"name":"wp","href":"https:\/\/api.w.org\/{rel}","templated":true}]}}