{"id":361,"date":"2020-09-22T11:03:00","date_gmt":"2020-09-22T09:03:00","guid":{"rendered":"https:\/\/www.hassdenteufel.de\/shop\/?post_type=product&#038;p=361"},"modified":"2020-11-02T12:53:32","modified_gmt":"2020-11-02T11:53:32","slug":"selbstansaugende-fluessigkeitsringpumpe-ca","status":"publish","type":"product","link":"https:\/\/www.hassdenteufel.de\/shop\/produkt\/selbstansaugende-fluessigkeitsringpumpe-ca\/","title":{"rendered":"Selbstansaugende Fl\u00fcssigkeitsringpumpe | CA"},"content":{"rendered":"<p><strong>Kenndaten<\/strong><br \/>\nDruckstutzen &#8211; Nennweite DN: G\u00bd \u00f7 G1<br \/>\nF\u00f6rderstrom Q (m\u00b3\/h): 0,12 \u00f7 2,4<br \/>\nF\u00f6rderh\u00f6he H (m): 6,5 \u00f7 53<br \/>\nAntriebsleistung (kW): 0,15 \u00f7 0,75<br \/>\nDrehzahl (1\/min): 2.900<br \/>\nWerkstoffe: Grauguss, Bronze<\/p>\n<p><strong>Kurzbeschreibung<\/strong><br \/>\n\u2022 Selbstansaugende Fl\u00fcssigkeitsringpumpe mit Sternrad in Blockbauweise<br \/>\n\u2022 CA: Ausf\u00fchrung mit Pumpengeh\u00e4use und Laterne aus Grauguss<br \/>\n\u2022 B-CA: Ausf\u00fchrung mit Pumpengeh\u00e4use und Laterne aus Bronze<br \/>\n\u2022 Sonderanfertigungen auf Anfrage<\/p>\n<p><strong>Einsatzgebiete<\/strong><br \/>\n\u2022 F\u00f6rderung von reinen, nicht explosiven Fl\u00fcssigkeiten, ohne abrasive Bestandteile, welche die Pumpenwerkstoffe nicht angreifen<br \/>\n\u2022 F\u00f6rderung von Zusatzmitteln in der Betonindustrie<br \/>\n\u2022 F\u00f6rderung von Fl\u00fcssigkeiten mit Gasanteil<br \/>\n\u2022 Wasserversorgung aus Brunnen<br \/>\n\u2022 Drucksteigerung<\/p>\n<p><strong>Download<\/strong><\/p>\n<p><a href=\"https:\/\/www.hassdenteufel.de\/shop\/wp-content\/uploads\/2020\/09\/Datenblatt-50-Hz-3.pdf\">Produktdatenblatt<\/a><\/p>\n","protected":false},"excerpt":{"rendered":"<p>Kenndaten Druckstutzen &#8211; Nennweite DN: G\u00bd \u00f7 G1 F\u00f6rderstrom Q (m\u00b3\/h): 0,12 \u00f7 2,4 F\u00f6rderh\u00f6he H (m): 6,5 \u00f7 53 Antriebsleistung (kW): 0,15 \u00f7 0,75 Drehzahl (1\/min): 2.900 Werkstoffe: Grauguss, Bronze Kurzbeschreibung \u2022 Selbstansaugende Fl\u00fcssigkeitsringpumpe mit Sternrad in Blockbauweise \u2022 CA: Ausf\u00fchrung mit Pumpengeh\u00e4use und Laterne aus Grauguss \u2022 B-CA: Ausf\u00fchrung mit Pumpengeh\u00e4use und Laterne [&hellip;]<\/p>\n","protected":false},"featured_media":413,"template":"","meta":[],"_links":{"self":[{"href":"https:\/\/www.hassdenteufel.de\/shop\/wp-json\/wp\/v2\/product\/361"}],"collection":[{"href":"https:\/\/www.hassdenteufel.de\/shop\/wp-json\/wp\/v2\/product"}],"about":[{"href":"https:\/\/www.hassdenteufel.de\/shop\/wp-json\/wp\/v2\/types\/product"}],"wp:featuredmedia":[{"embeddable":true,"href":"https:\/\/www.hassdenteufel.de\/shop\/wp-json\/wp\/v2\/media\/413"}],"wp:attachment":[{"href":"https:\/\/www.hassdenteufel.de\/shop\/wp-json\/wp\/v2\/media?parent=361"}],"curies":[{"name":"wp","href":"https:\/\/api.w.org\/{rel}","templated":true}]}}