{"id":360,"date":"2020-09-22T11:01:42","date_gmt":"2020-09-22T09:01:42","guid":{"rendered":"https:\/\/www.hassdenteufel.de\/shop\/?post_type=product&#038;p=360"},"modified":"2020-11-02T12:51:40","modified_gmt":"2020-11-02T11:51:40","slug":"peripheralpumpe-ct-61-t-tp","status":"publish","type":"product","link":"https:\/\/www.hassdenteufel.de\/shop\/produkt\/peripheralpumpe-ct-61-t-tp\/","title":{"rendered":"Peripheralpumpe | CT 61, T, TP"},"content":{"rendered":"<p><strong>Kenndaten<\/strong><br \/>\nDruckstutzen &#8211; Nennweite DN: G\u00be \u00f7 G1\u00bc<br \/>\nF\u00f6rderstrom Q (m\u00b3\/h): 0,06 \u00f7 6<br \/>\nF\u00f6rderh\u00f6he H (m): 5 \u00f7 165<br \/>\nAntriebsleistung (kW): 0,3 \u00f7 7,5<br \/>\nDrehzahl (1\/min): 2.900<br \/>\nWerkstoffe: Grauguss, Bronze<\/p>\n<p><strong>Kurzbeschreibung<\/strong><br \/>\n\u2022 Peripheralpumpe in Blockbauweise<br \/>\n\u2022 Kompakte, patentierte Ausf\u00fchrung mit einteiligem Motorgeh\u00e4use und pumpenseitiger Motorwand (nur CT)<br \/>\n\u2022 Zus\u00e4tzlicher Schutz des Motors gegen Spritzwasser von au\u00dfen<br \/>\n\u2022 CT, T, TP: Ausf\u00fchrung mit Pumpengeh\u00e4use aus Grauguss<br \/>\n\u2022 B-CT, B-T, B-TP: Ausf\u00fchrung mit Pumpengeh\u00e4use aus Bronze<br \/>\n\u2022 Sonderanfertigungen auf Anfrage<\/p>\n<p><strong>Einsatzgebiete<\/strong><br \/>\n\u2022 F\u00f6rderung von reinen, nicht explosiven Fl\u00fcssigkeiten, ohne abrasive Bestandteile, welche die Pumpenwerkstoffe nicht angreifen<br \/>\n\u2022 Drucksteigerung<br \/>\n\u2022 K\u00fchlung<br \/>\n\u2022 Temperierung<br \/>\n\u2022 Umw\u00e4lzung<br \/>\n\u2022 Reinigung<br \/>\n\u2022 Kesselspeisung<\/p>\n<p><strong>Download<\/strong><\/p>\n<p><a href=\"https:\/\/www.hassdenteufel.de\/shop\/wp-content\/uploads\/2020\/09\/Datenblatt-50-Hz-2.pdf\">Produktdatenblatt<\/a><\/p>\n","protected":false},"excerpt":{"rendered":"<p>Kenndaten Druckstutzen &#8211; Nennweite DN: G\u00be \u00f7 G1\u00bc F\u00f6rderstrom Q (m\u00b3\/h): 0,06 \u00f7 6 F\u00f6rderh\u00f6he H (m): 5 \u00f7 165 Antriebsleistung (kW): 0,3 \u00f7 7,5 Drehzahl (1\/min): 2.900 Werkstoffe: Grauguss, Bronze Kurzbeschreibung \u2022 Peripheralpumpe in Blockbauweise \u2022 Kompakte, patentierte Ausf\u00fchrung mit einteiligem Motorgeh\u00e4use und pumpenseitiger Motorwand (nur CT) \u2022 Zus\u00e4tzlicher Schutz des Motors gegen Spritzwasser [&hellip;]<\/p>\n","protected":false},"featured_media":565,"template":"","meta":[],"_links":{"self":[{"href":"https:\/\/www.hassdenteufel.de\/shop\/wp-json\/wp\/v2\/product\/360"}],"collection":[{"href":"https:\/\/www.hassdenteufel.de\/shop\/wp-json\/wp\/v2\/product"}],"about":[{"href":"https:\/\/www.hassdenteufel.de\/shop\/wp-json\/wp\/v2\/types\/product"}],"wp:featuredmedia":[{"embeddable":true,"href":"https:\/\/www.hassdenteufel.de\/shop\/wp-json\/wp\/v2\/media\/565"}],"wp:attachment":[{"href":"https:\/\/www.hassdenteufel.de\/shop\/wp-json\/wp\/v2\/media?parent=360"}],"curies":[{"name":"wp","href":"https:\/\/api.w.org\/{rel}","templated":true}]}}