{"id":359,"date":"2020-09-22T11:00:10","date_gmt":"2020-09-22T09:00:10","guid":{"rendered":"https:\/\/www.hassdenteufel.de\/shop\/?post_type=product&#038;p=359"},"modified":"2020-11-02T12:48:29","modified_gmt":"2020-11-02T11:48:29","slug":"kreiselpumpe-mit-offenem-laufrad-c","status":"publish","type":"product","link":"https:\/\/www.hassdenteufel.de\/shop\/produkt\/kreiselpumpe-mit-offenem-laufrad-c\/","title":{"rendered":"Kreiselpumpe mit offenem Laufrad | C"},"content":{"rendered":"<p><strong>Kenndaten<\/strong><br \/>\nDruckstutzen &#8211; Nennweite DN: G\u00bd \u00f7 G1\u00bd<br \/>\nF\u00f6rderstrom Q (m\u00b3\/h): 0,6 \u00f7 15<br \/>\nF\u00f6rderh\u00f6he H (m): 3,6 \u00f7 22,4<br \/>\nAntriebsleistung (kW): 0,15 \u00f7 1,1<br \/>\nDrehzahl (1\/min): 2.900<br \/>\nWerkstoffe: Grauguss, Bronze<\/p>\n<p><strong>Kurzbeschreibung<\/strong><br \/>\n\u2022 Kreiselpumpe mit offenem Laufrad in Blockbauweise<br \/>\n\u2022 Freistromrad f\u00fcr Typ C 16\/1E<br \/>\n\u2022 C: Ausf\u00fchrung mit Pumpengeh\u00e4use und Laterne aus Grauguss<br \/>\n\u2022 B-C: Ausf\u00fchrung mit Pumpengeh\u00e4use und Laterne aus Bronze<br \/>\n\u2022 Sonderanfertigungen auf Anfrage<\/p>\n<p><strong>Einsatzgebiete<\/strong><br \/>\n\u2022 Wasseraufbereitung<br \/>\n\u2022 Filtration<br \/>\n\u2022 Beh\u00e4lterentleerung<br \/>\n\u2022 Zirkulation von Thermal\u00f6len<br \/>\n\u2022 F\u00f6rderung von leicht verschmutzten Fl\u00fcssigkeiten<br \/>\n\u2022 F\u00f6rderung von Emulsionen<\/p>\n<p><strong>Download<\/strong><\/p>\n<p><a href=\"https:\/\/www.hassdenteufel.de\/shop\/wp-content\/uploads\/2020\/09\/Datenblatt-50-Hz-1.pdf\">Produktdatenblatt<\/a><\/p>\n<p>&nbsp;<\/p>\n","protected":false},"excerpt":{"rendered":"<p>Kenndaten Druckstutzen &#8211; Nennweite DN: G\u00bd \u00f7 G1\u00bd F\u00f6rderstrom Q (m\u00b3\/h): 0,6 \u00f7 15 F\u00f6rderh\u00f6he H (m): 3,6 \u00f7 22,4 Antriebsleistung (kW): 0,15 \u00f7 1,1 Drehzahl (1\/min): 2.900 Werkstoffe: Grauguss, Bronze Kurzbeschreibung \u2022 Kreiselpumpe mit offenem Laufrad in Blockbauweise \u2022 Freistromrad f\u00fcr Typ C 16\/1E \u2022 C: Ausf\u00fchrung mit Pumpengeh\u00e4use und Laterne aus Grauguss \u2022 [&hellip;]<\/p>\n","protected":false},"featured_media":412,"template":"","meta":[],"_links":{"self":[{"href":"https:\/\/www.hassdenteufel.de\/shop\/wp-json\/wp\/v2\/product\/359"}],"collection":[{"href":"https:\/\/www.hassdenteufel.de\/shop\/wp-json\/wp\/v2\/product"}],"about":[{"href":"https:\/\/www.hassdenteufel.de\/shop\/wp-json\/wp\/v2\/types\/product"}],"wp:featuredmedia":[{"embeddable":true,"href":"https:\/\/www.hassdenteufel.de\/shop\/wp-json\/wp\/v2\/media\/412"}],"wp:attachment":[{"href":"https:\/\/www.hassdenteufel.de\/shop\/wp-json\/wp\/v2\/media?parent=359"}],"curies":[{"name":"wp","href":"https:\/\/api.w.org\/{rel}","templated":true}]}}