{"id":356,"date":"2020-09-22T10:54:44","date_gmt":"2020-09-22T08:54:44","guid":{"rendered":"https:\/\/www.hassdenteufel.de\/shop\/?post_type=product&#038;p=356"},"modified":"2020-11-02T12:41:08","modified_gmt":"2020-11-02T11:41:08","slug":"selbstansaugende-pumpe-ngx-ng-mxa","status":"publish","type":"product","link":"https:\/\/www.hassdenteufel.de\/shop\/produkt\/selbstansaugende-pumpe-ngx-ng-mxa\/","title":{"rendered":"Selbstansaugende Pumpe | NGX, NG, MXA"},"content":{"rendered":"<p><strong>Kenndaten<\/strong><br \/>\nDruckstutzen &#8211; Nennweite DN: G1<br \/>\nF\u00f6rderstrom Q (m\u00b3\/h): 0,25 \u00f7 9,5<br \/>\nF\u00f6rderh\u00f6he H (m): 14 \u00f7 74,5<br \/>\nAntriebsleistung (kW): 0,45 \u00f7 2,2<br \/>\nDrehzahl (1\/min): 2.900<br \/>\nWerkstoffe: Grauguss, Bronze, Cr-Ni Stahl<\/p>\n<p><strong>Kurzbeschreibung<\/strong><br \/>\n\u2022 Selbstansaugende Jet-Pumpe mit eingebautem Ejektor in Blockbauweise (NG + NGX)<br \/>\n\u2022 Horizontale, mehrstufige, selbst ansaugende Kreiselpumpe mit Entl\u00fcftungsventil in Blockausf\u00fchrung (MXA)<br \/>\n\u2022 Eine Pumpe h\u00f6chster Qualit\u00e4t f\u00fcr die Hauswasserversorgung, in umweltfreundlichem Design, mit einem Geh\u00e4use aus Edelstahl, einem Laufrad aus Messing und minimiertem Kunststoffanteil<br \/>\n\u2022 Sonderanfertigungen auf Anfrage<\/p>\n<p><strong>Einsatzgebiete<\/strong><br \/>\n\u2022 Zur Wasserversorgung mit Grundwasser<br \/>\n\u2022 Um Wasser mit Luft- oder Gasgehalt auch im Saugbetrieb zu f\u00f6rdern<br \/>\n\u2022 Zur Druckerh\u00f6hung bei Zulaufbetrieb und in geschlossenen Systemen<br \/>\n\u2022 Zur Druckerh\u00f6hung des Wassernetzes (DIN 1988 und \u00f6rtliche Vorschriften beachten)<br \/>\n\u2022 Zur Gartenberegnung<br \/>\n\u2022 Zum Reinigen mit Wasserstrahl<\/p>\n<p><strong>Download<\/strong><\/p>\n<p><a href=\"https:\/\/www.hassdenteufel.de\/shop\/wp-content\/uploads\/2020\/09\/NGX-Datenblatt-50-Hz.pdf\">Produktdatenblatt<\/a><\/p>\n","protected":false},"excerpt":{"rendered":"<p>Kenndaten Druckstutzen &#8211; Nennweite DN: G1 F\u00f6rderstrom Q (m\u00b3\/h): 0,25 \u00f7 9,5 F\u00f6rderh\u00f6he H (m): 14 \u00f7 74,5 Antriebsleistung (kW): 0,45 \u00f7 2,2 Drehzahl (1\/min): 2.900 Werkstoffe: Grauguss, Bronze, Cr-Ni Stahl Kurzbeschreibung \u2022 Selbstansaugende Jet-Pumpe mit eingebautem Ejektor in Blockbauweise (NG + NGX) \u2022 Horizontale, mehrstufige, selbst ansaugende Kreiselpumpe mit Entl\u00fcftungsventil in Blockausf\u00fchrung (MXA) \u2022 [&hellip;]<\/p>\n","protected":false},"featured_media":408,"template":"","meta":[],"_links":{"self":[{"href":"https:\/\/www.hassdenteufel.de\/shop\/wp-json\/wp\/v2\/product\/356"}],"collection":[{"href":"https:\/\/www.hassdenteufel.de\/shop\/wp-json\/wp\/v2\/product"}],"about":[{"href":"https:\/\/www.hassdenteufel.de\/shop\/wp-json\/wp\/v2\/types\/product"}],"wp:featuredmedia":[{"embeddable":true,"href":"https:\/\/www.hassdenteufel.de\/shop\/wp-json\/wp\/v2\/media\/408"}],"wp:attachment":[{"href":"https:\/\/www.hassdenteufel.de\/shop\/wp-json\/wp\/v2\/media?parent=356"}],"curies":[{"name":"wp","href":"https:\/\/api.w.org\/{rel}","templated":true}]}}