{"id":354,"date":"2020-09-22T10:51:05","date_gmt":"2020-09-22T08:51:05","guid":{"rendered":"https:\/\/www.hassdenteufel.de\/shop\/?post_type=product&#038;p=354"},"modified":"2020-11-02T12:34:29","modified_gmt":"2020-11-02T11:34:29","slug":"vertikale-mehrstufige-inline-pumpe-mxv","status":"publish","type":"product","link":"https:\/\/www.hassdenteufel.de\/shop\/produkt\/vertikale-mehrstufige-inline-pumpe-mxv\/","title":{"rendered":"Vertikale, mehrstufige Inline-Pumpe | MXV"},"content":{"rendered":"<p><strong>Kenndaten<\/strong><br \/>\nDruckstutzen &#8211; Nennweite DN: G1 \u00f7 G1\u00bd | 25 \u00f7 100 mm<br \/>\nF\u00f6rderstrom Q (m\u00b3\/h): 1 \u00f7 118<br \/>\nF\u00f6rderh\u00f6he H (m): 3,6 \u00f7 246<br \/>\nAntriebsleistung (kW): 0,75 \u00f7 45<br \/>\nDrehzahl (1\/min): 2.900<br \/>\nWerkstoffe:\u00a0 Chrom-Nickel-Stahl, 1.4301 EN 10088 (AISI 304)<\/p>\n<p><strong>Kurzbeschreibung<\/strong><br \/>\n\u2022 Vertikale, mehrstufige Blockpumpe mit Saug- und Druckstutzen gleicher Nennweite, gegen\u00fcberliegend auf derselben Achse angeordnet (Inline Ausf\u00fchrung)<br \/>\n\u2022 Alle mit der Fl\u00fcssigkeit in Ber\u00fchrung kommenden Teile, einschlie\u00dflich der oberen und unteren Deckel, sind aus Chrom-Nickel-Stahl 1.4301 EN 10088 (AISI 304)<br \/>\n\u2022 Massive Antriebslaterne mit Axiallager um Axialbelastungen aufzufangen<br \/>\n\u2022 Einfach und schnelle Montage des Motors durch H\u00fclsenkupplung (keine Positionierung der Hydraulikeinheit notwendig)<br \/>\n\u2022 Ger\u00e4uscharmer Lauf durch \u00e4u\u00dferen Wassermantel um die Stufen und dickwandigen Pumpenmantel<br \/>\n\u2022 Verwendung von Normmotoren (Bauform IM V1) m\u00f6glich<br \/>\n\u2022 Korrosionsfestes und medium geschmiertes Gleitlager<br \/>\n\u2022 Motor Effizienzklasse IE3, geeignet f\u00fcr den Betrieb mit Frequenzumrichter<\/p>\n<p><strong>Einsatzgebiete<\/strong><br \/>\n\u2022 Zur Wasserversorgung und f\u00fcr reine, nicht explosive Fl\u00fcssigkeiten ohne abrasive, feste oder langfaserige Bestandteile (Anpassung der Dichtungswerkstoffe auf Anfrage)<br \/>\n\u2022 Universalpumpe f\u00fcr den h\u00e4uslichen oder industriellen Einsatz, f\u00fcr Druckerh\u00f6hungsanlagen, Feuerschutzanlagen, Hochdruckreinigung, Bew\u00e4sserung, Landwirtschaft und Sportanlagenberegnung<\/p>\n<p><strong>Download<\/strong><\/p>\n<p><a href=\"https:\/\/www.hassdenteufel.de\/shop\/wp-content\/uploads\/2020\/09\/MXV-Datenblatt-50-Hz.pdf\">Produktdatenblatt<\/a><\/p>\n<p>&nbsp;<\/p>\n","protected":false},"excerpt":{"rendered":"<p>Kenndaten Druckstutzen &#8211; Nennweite DN: G1 \u00f7 G1\u00bd | 25 \u00f7 100 mm F\u00f6rderstrom Q (m\u00b3\/h): 1 \u00f7 118 F\u00f6rderh\u00f6he H (m): 3,6 \u00f7 246 Antriebsleistung (kW): 0,75 \u00f7 45 Drehzahl (1\/min): 2.900 Werkstoffe:\u00a0 Chrom-Nickel-Stahl, 1.4301 EN 10088 (AISI 304) Kurzbeschreibung \u2022 Vertikale, mehrstufige Blockpumpe mit Saug- und Druckstutzen gleicher Nennweite, gegen\u00fcberliegend auf derselben Achse [&hellip;]<\/p>\n","protected":false},"featured_media":406,"template":"","meta":[],"_links":{"self":[{"href":"https:\/\/www.hassdenteufel.de\/shop\/wp-json\/wp\/v2\/product\/354"}],"collection":[{"href":"https:\/\/www.hassdenteufel.de\/shop\/wp-json\/wp\/v2\/product"}],"about":[{"href":"https:\/\/www.hassdenteufel.de\/shop\/wp-json\/wp\/v2\/types\/product"}],"wp:featuredmedia":[{"embeddable":true,"href":"https:\/\/www.hassdenteufel.de\/shop\/wp-json\/wp\/v2\/media\/406"}],"wp:attachment":[{"href":"https:\/\/www.hassdenteufel.de\/shop\/wp-json\/wp\/v2\/media?parent=354"}],"curies":[{"name":"wp","href":"https:\/\/api.w.org\/{rel}","templated":true}]}}