{"id":352,"date":"2020-09-22T10:47:25","date_gmt":"2020-09-22T08:47:25","guid":{"rendered":"https:\/\/www.hassdenteufel.de\/shop\/?post_type=product&#038;p=352"},"modified":"2020-11-02T12:28:32","modified_gmt":"2020-11-02T11:28:32","slug":"inline-pumpe-nr-nr4","status":"publish","type":"product","link":"https:\/\/www.hassdenteufel.de\/shop\/produkt\/inline-pumpe-nr-nr4\/","title":{"rendered":"Inline-Pumpe | NR, NR4"},"content":{"rendered":"<p><strong>Kenndaten<\/strong><br \/>\nDruckstutzen &#8211; Nennweite DN: 50 \u00f7 125 mm<br \/>\nF\u00f6rderstrom Q (m\u00b3\/h): 2 \u00f7 110<br \/>\nF\u00f6rderh\u00f6he H (m): 2 \u00f7 39<br \/>\nAntriebsleistung (kW): 0,25 \u00f7 7,5<br \/>\nDrehzahl (1\/min): 2.900 \/ 1.450<br \/>\nWerkstoffe: Grauguss<\/p>\n<p><strong>Kurzbeschreibung<\/strong><br \/>\n\u2022 Kreiselpumpe, einstufig, in Blockbauweise; Motor und Pumpe mit gemeinsamer Welle zu einem Blockaggregat verbunden<br \/>\n\u2022 Spiralgeh\u00e4use mit Saug- und Druckstutzen mit gleichem Durchmesser in gerader durchgehender Leitungsrichtung (Inline-Bauweise)<br \/>\n\u2022 Anschlussstutzen: Flansche PN 10, EN 1092-2<br \/>\n\u2022 Sonderanfertigungen auf Anfrage<\/p>\n<p><strong>Einsatzgebiete<\/strong><br \/>\n\u2022 F\u00fcr reine Fl\u00fcssigkeiten, ohne abrasive Bestandteile, die die Pumpenbaustoffe nicht angreifen (Feststoffanteil bis 0,2 % max.)<br \/>\n\u2022 F\u00fcr Heizungsanlagen, Klimaanlagen, K\u00fchlkreisl\u00e4ufe<br \/>\n\u2022 F\u00fcr zivile Einrichtungen und f\u00fcr die Industrie<br \/>\n\u2022 Wenn ein ger\u00e4uscharmer Lauf angestrebt wird<\/p>\n<p><strong>Download:<\/strong><\/p>\n<p><a href=\"https:\/\/www.hassdenteufel.de\/shop\/wp-content\/uploads\/2020\/09\/NR_NR4_Datenblatt-50-Hz.pdf\">Produktdatenblatt<\/a><\/p>\n","protected":false},"excerpt":{"rendered":"<p>Kenndaten Druckstutzen &#8211; Nennweite DN: 50 \u00f7 125 mm F\u00f6rderstrom Q (m\u00b3\/h): 2 \u00f7 110 F\u00f6rderh\u00f6he H (m): 2 \u00f7 39 Antriebsleistung (kW): 0,25 \u00f7 7,5 Drehzahl (1\/min): 2.900 \/ 1.450 Werkstoffe: Grauguss Kurzbeschreibung \u2022 Kreiselpumpe, einstufig, in Blockbauweise; Motor und Pumpe mit gemeinsamer Welle zu einem Blockaggregat verbunden \u2022 Spiralgeh\u00e4use mit Saug- und Druckstutzen [&hellip;]<\/p>\n","protected":false},"featured_media":403,"template":"","meta":[],"_links":{"self":[{"href":"https:\/\/www.hassdenteufel.de\/shop\/wp-json\/wp\/v2\/product\/352"}],"collection":[{"href":"https:\/\/www.hassdenteufel.de\/shop\/wp-json\/wp\/v2\/product"}],"about":[{"href":"https:\/\/www.hassdenteufel.de\/shop\/wp-json\/wp\/v2\/types\/product"}],"wp:featuredmedia":[{"embeddable":true,"href":"https:\/\/www.hassdenteufel.de\/shop\/wp-json\/wp\/v2\/media\/403"}],"wp:attachment":[{"href":"https:\/\/www.hassdenteufel.de\/shop\/wp-json\/wp\/v2\/media?parent=352"}],"curies":[{"name":"wp","href":"https:\/\/api.w.org\/{rel}","templated":true}]}}