{"id":351,"date":"2020-09-22T10:45:16","date_gmt":"2020-09-22T08:45:16","guid":{"rendered":"https:\/\/www.hassdenteufel.de\/shop\/?post_type=product&#038;p=351"},"modified":"2020-11-02T12:24:45","modified_gmt":"2020-11-02T11:24:45","slug":"kreiselpumpen-mit-axialem-eintritt-en-733-n-n4","status":"publish","type":"product","link":"https:\/\/www.hassdenteufel.de\/shop\/produkt\/kreiselpumpen-mit-axialem-eintritt-en-733-n-n4\/","title":{"rendered":"Kreiselpumpe mit axialem Eintritt EN 733 | N, N4"},"content":{"rendered":"<p><strong>Kenndaten<\/strong><br \/>\nDruckstutzen &#8211; Nennweite DN: 32 \u00f7 150<br \/>\nF\u00f6rderstrom Q (m\u00b3\/h): 1 \u00f7 480<br \/>\nF\u00f6rderh\u00f6he H (m): 3 \u00f7 95<br \/>\nAntriebsleistung (kW): 0,25 \u00f7 75<br \/>\nDrehzahl (1\/min): 2.900 \/ 1.450<br \/>\nWerkstoffe: Grauguss, Bronze<\/p>\n<p><strong>Kurzbeschreibung<\/strong><br \/>\n\u2022 Einstufige Kreiselpumpe mit axialem Eintritt, mit Lagertr\u00e4ger<br \/>\n\u2022 Nennleistungen und Hauptabmessungen nach EN 733<br \/>\n\u2022 Die Pumpen der Baureihen N, B-N, N4, B-N4 erf\u00fcllen die g\u00fcltigen EU-Richtlinie 547\/2012<br \/>\n\u2022 \u201cBack Pull-Out\u201d Ausf\u00fchrung, f\u00fcr leichte und schnelle Demontage und Wiedermontage<br \/>\n\u2022 N: Ausf\u00fchrung mit Pumpengeh\u00e4use und Laterne aus Grauguss<br \/>\n\u2022 B-N4: Ausf\u00fchrung mit Pumpengeh\u00e4use und Laterne aus Bronze<br \/>\n\u2022 Sonderanfertigungen auf Anfrage<\/p>\n<p><strong>Einsatzgebiete<\/strong><br \/>\n\u2022 F\u00fcr reine Fl\u00fcssigkeiten, ohne abrasive Bestandteile, die die Pumpenbaustoffe nicht angreifen (Feststoffanteil bis 0,2 % max.)<br \/>\n\u2022 Zur Wasserversorgung<br \/>\n\u2022 F\u00fcr Heizungsanlagen, Klimaanlagen, K\u00fchlkreisl\u00e4ufe<br \/>\n\u2022 F\u00fcr zivile Einrichtungen, Industrie und Landwirtschaft<br \/>\n\u2022 F\u00fcr Feuerl\u00f6schanlagen<br \/>\n\u2022 F\u00fcr Beregnung und Bew\u00e4sserung<\/p>\n<p><strong>Download<\/strong><\/p>\n<p><a href=\"https:\/\/www.hassdenteufel.de\/shop\/wp-content\/uploads\/2020\/09\/N_N4_Datenblatt-50-Hz.pdf\">Produktdatenblatt<\/a><\/p>\n","protected":false},"excerpt":{"rendered":"<p>Kenndaten Druckstutzen &#8211; Nennweite DN: 32 \u00f7 150 F\u00f6rderstrom Q (m\u00b3\/h): 1 \u00f7 480 F\u00f6rderh\u00f6he H (m): 3 \u00f7 95 Antriebsleistung (kW): 0,25 \u00f7 75 Drehzahl (1\/min): 2.900 \/ 1.450 Werkstoffe: Grauguss, Bronze Kurzbeschreibung \u2022 Einstufige Kreiselpumpe mit axialem Eintritt, mit Lagertr\u00e4ger \u2022 Nennleistungen und Hauptabmessungen nach EN 733 \u2022 Die Pumpen der Baureihen N, [&hellip;]<\/p>\n","protected":false},"featured_media":400,"template":"","meta":[],"_links":{"self":[{"href":"https:\/\/www.hassdenteufel.de\/shop\/wp-json\/wp\/v2\/product\/351"}],"collection":[{"href":"https:\/\/www.hassdenteufel.de\/shop\/wp-json\/wp\/v2\/product"}],"about":[{"href":"https:\/\/www.hassdenteufel.de\/shop\/wp-json\/wp\/v2\/types\/product"}],"wp:featuredmedia":[{"embeddable":true,"href":"https:\/\/www.hassdenteufel.de\/shop\/wp-json\/wp\/v2\/media\/400"}],"wp:attachment":[{"href":"https:\/\/www.hassdenteufel.de\/shop\/wp-json\/wp\/v2\/media?parent=351"}],"curies":[{"name":"wp","href":"https:\/\/api.w.org\/{rel}","templated":true}]}}