{"id":349,"date":"2020-09-22T10:39:43","date_gmt":"2020-09-22T08:39:43","guid":{"rendered":"https:\/\/www.hassdenteufel.de\/shop\/?post_type=product&#038;p=349"},"modified":"2020-11-02T12:20:25","modified_gmt":"2020-11-02T11:20:25","slug":"kreiselpumpen-in-blockbauweise-en-733-nm-nm4-nms-nms4","status":"publish","type":"product","link":"https:\/\/www.hassdenteufel.de\/shop\/produkt\/kreiselpumpen-in-blockbauweise-en-733-nm-nm4-nms-nms4\/","title":{"rendered":"Kreiselpumpe in Blockbauweise EN 733 | NM, NM4, NMS, NMS4"},"content":{"rendered":"<p><strong>Kenndaten<\/strong><br \/>\nDruckstutzen &#8211; Nennweite DN: 32 \u00f7 150 mm<br \/>\nF\u00f6rderstrom Q (m\u00b3\/h): 1 \u00f7 480<br \/>\nF\u00f6rderh\u00f6he H (m): 3 \u00f7 95<br \/>\nAntriebsleistung (kW): 0,25 \u00f7 75<br \/>\nDrehzahl (1\/min): 2.900 \/ 1.450<br \/>\nWerkstoffe: Grauguss, Bronze<\/p>\n<p><strong>Kurzbeschreibung<\/strong><br \/>\n\u2022 Kreiselpumpe in Blockbauweise; Motor bis 30 kW, mit verl\u00e4ngerter Welle, direkt mit der Pumpe verbunden<br \/>\n\u2022 Neue Konstruktion der Antriebslaterne mit integriertem Axiallager, f\u00fcr Normmotoren von 37 bis 75 kW, (Steckwellenkonstruktion)<br \/>\n\u2022 Spiralgeh\u00e4use mit Saugstutzen axial und Druckstutzen radial nach oben, mit Hauptabmessungen und Leistungen nach EN 733<br \/>\n\u2022 NM(S): Ausf\u00fchrung mit Pumpengeh\u00e4use und Laterne aus Grauguss<br \/>\n\u2022 B-NM(S): Ausf\u00fchrung mit Pumpengeh\u00e4use und Laterne\/Druckdeckel aus Bronze<br \/>\n\u2022 Anschlussstutzen: Flansche PN 10, EN 1092-2<br \/>\n\u2022 Gegenflansche (auf Anfrage)<br \/>\n\u2022 Sonderanfertigungen auf Anfrage<\/p>\n<p><strong>Einsatzgebiete<\/strong><br \/>\n\u2022 F\u00fcr reine Fl\u00fcssigkeiten, ohne abrasive Bestandteile, die die Pumpenbaustoffe nicht angreifen (Feststoffanteil bis 0,2 % max.)<br \/>\n\u2022 Zur Wasserversorgung<br \/>\n\u2022 F\u00fcr Heizungsanlagen, Klimaanlagen, K\u00fchlkreisl\u00e4ufe<br \/>\n\u2022 F\u00fcr zivile Einrichtungen und f\u00fcr die Industrie<br \/>\n\u2022 F\u00fcr Feuerl\u00f6schanlagen<br \/>\n\u2022 F\u00fcr Beregnung und Bew\u00e4sserung<\/p>\n<p><strong>Download:<\/strong><\/p>\n<p><a href=\"https:\/\/www.hassdenteufel.de\/shop\/wp-content\/uploads\/2020\/09\/NM_NM4_NMS_NMS4_Datenblatt-50-Hz-2.pdf\">Produktdatenblatt<\/a><\/p>\n<p>&nbsp;<\/p>\n","protected":false},"excerpt":{"rendered":"<p>Kenndaten Druckstutzen &#8211; Nennweite DN: 32 \u00f7 150 mm F\u00f6rderstrom Q (m\u00b3\/h): 1 \u00f7 480 F\u00f6rderh\u00f6he H (m): 3 \u00f7 95 Antriebsleistung (kW): 0,25 \u00f7 75 Drehzahl (1\/min): 2.900 \/ 1.450 Werkstoffe: Grauguss, Bronze Kurzbeschreibung \u2022 Kreiselpumpe in Blockbauweise; Motor bis 30 kW, mit verl\u00e4ngerter Welle, direkt mit der Pumpe verbunden \u2022 Neue Konstruktion der [&hellip;]<\/p>\n","protected":false},"featured_media":399,"template":"","meta":[],"_links":{"self":[{"href":"https:\/\/www.hassdenteufel.de\/shop\/wp-json\/wp\/v2\/product\/349"}],"collection":[{"href":"https:\/\/www.hassdenteufel.de\/shop\/wp-json\/wp\/v2\/product"}],"about":[{"href":"https:\/\/www.hassdenteufel.de\/shop\/wp-json\/wp\/v2\/types\/product"}],"wp:featuredmedia":[{"embeddable":true,"href":"https:\/\/www.hassdenteufel.de\/shop\/wp-json\/wp\/v2\/media\/399"}],"wp:attachment":[{"href":"https:\/\/www.hassdenteufel.de\/shop\/wp-json\/wp\/v2\/media?parent=349"}],"curies":[{"name":"wp","href":"https:\/\/api.w.org\/{rel}","templated":true}]}}