{"id":348,"date":"2020-09-22T10:37:31","date_gmt":"2020-09-22T08:37:31","guid":{"rendered":"https:\/\/www.hassdenteufel.de\/shop\/?post_type=product&#038;p=348"},"modified":"2020-11-02T11:31:34","modified_gmt":"2020-11-02T10:31:34","slug":"kreiselpumpe-in-blockbauweise-nm-nmd","status":"publish","type":"product","link":"https:\/\/www.hassdenteufel.de\/shop\/produkt\/kreiselpumpe-in-blockbauweise-nm-nmd\/","title":{"rendered":"Kreiselpumpe in Blockbauweise | NM, NMD"},"content":{"rendered":"<p><strong>Kenndaten<\/strong><br \/>\nDruckstutzen &#8211; Nennweite DN: G\u00be \u00f7 G2\u00bd<br \/>\nF\u00f6rderstrom Q (m\u00b3\/h): 1 \u00f7 66<br \/>\nF\u00f6rderh\u00f6he H (m): 3,5 \u00f7 114<br \/>\nAntriebsleistung (kW): 0,37 \u00f7 9,2<br \/>\nDrehzahl (1\/min): 2.900<br \/>\nWerkstoffe: Grauguss, Bronze<\/p>\n<p><strong>Kurzbeschreibung<\/strong><br \/>\n\u2022 Kreiselpumpe in Blockbauweise mit Gewindestutzen; Motor und Pumpe mit gemeinsamer Welle zu einem Blockaggregat verbunden<br \/>\n\u2022 NM: einstufig NMD: mit zwei gegenl\u00e4ufigen Laufr\u00e4dern (mit Axialschubausgleich)<br \/>\n\u2022 Anschlussstutzen: Gewindestutzen DIN-ISO 228\/1<br \/>\n\u2022 NM, NMD: Ausf\u00fchrung mit Pumpengeh\u00e4use und Laterne aus Grauguss<br \/>\n\u2022 B-NM, B-NMD: Ausf\u00fchrung mit Pumpengeh\u00e4use und Laterne aus Bronze<br \/>\n\u2022 Sonderanfertigungen auf Anfrage<\/p>\n<p><strong>Einsatzgebiete<\/strong><br \/>\n\u2022 F\u00fcr reine Fl\u00fcssigkeiten, ohne abrasive Bestandteile, die die Pumpenbaustoffe nicht angreifen (Feststoffanteil bis 0,2 % max.)<br \/>\n\u2022 Zur Wasserversorgung<br \/>\n\u2022 F\u00fcr Heizungsanlagen, Klimaanlagen, K\u00fchlkreisl\u00e4ufe<br \/>\n\u2022 F\u00fcr zivile Einrichtungen und f\u00fcr die Industrie<br \/>\n\u2022 F\u00fcr Feuerl\u00f6schanlagen<br \/>\n\u2022 F\u00fcr Beregnung und Bew\u00e4sserung<\/p>\n<p><strong>Downloads:<\/strong><\/p>\n<p><a href=\"https:\/\/www.hassdenteufel.de\/shop\/wp-content\/uploads\/2020\/09\/01_NM_NMD_TED2017.pdf\">Produktdatenblatt<\/a><\/p>\n<p>&nbsp;<\/p>\n","protected":false},"excerpt":{"rendered":"<p>Kenndaten Druckstutzen &#8211; Nennweite DN: G\u00be \u00f7 G2\u00bd F\u00f6rderstrom Q (m\u00b3\/h): 1 \u00f7 66 F\u00f6rderh\u00f6he H (m): 3,5 \u00f7 114 Antriebsleistung (kW): 0,37 \u00f7 9,2 Drehzahl (1\/min): 2.900 Werkstoffe: Grauguss, Bronze Kurzbeschreibung \u2022 Kreiselpumpe in Blockbauweise mit Gewindestutzen; Motor und Pumpe mit gemeinsamer Welle zu einem Blockaggregat verbunden \u2022 NM: einstufig NMD: mit zwei gegenl\u00e4ufigen [&hellip;]<\/p>\n","protected":false},"featured_media":411,"template":"","meta":[],"_links":{"self":[{"href":"https:\/\/www.hassdenteufel.de\/shop\/wp-json\/wp\/v2\/product\/348"}],"collection":[{"href":"https:\/\/www.hassdenteufel.de\/shop\/wp-json\/wp\/v2\/product"}],"about":[{"href":"https:\/\/www.hassdenteufel.de\/shop\/wp-json\/wp\/v2\/types\/product"}],"wp:featuredmedia":[{"embeddable":true,"href":"https:\/\/www.hassdenteufel.de\/shop\/wp-json\/wp\/v2\/media\/411"}],"wp:attachment":[{"href":"https:\/\/www.hassdenteufel.de\/shop\/wp-json\/wp\/v2\/media?parent=348"}],"curies":[{"name":"wp","href":"https:\/\/api.w.org\/{rel}","templated":true}]}}