{"id":88,"date":"2020-09-11T12:05:13","date_gmt":"2020-09-11T10:05:13","guid":{"rendered":"https:\/\/www.hassdenteufel.de\/shop\/?page_id=88"},"modified":"2020-09-23T09:46:45","modified_gmt":"2020-09-23T07:46:45","slug":"dienstleistungen","status":"publish","type":"page","link":"https:\/\/www.hassdenteufel.de\/shop\/dienstleistungen\/","title":{"rendered":"Dienstleistungen"},"content":{"rendered":"\n<p>Gemeinsam mit Ihnen analysieren wir Ihre individuellen Anforderungen und entwickeln ergebnisorientierte L\u00f6sungen.<\/p>\n\n\n\n<p><strong>Abhol- und Lieferservice<\/strong><br>Wir holen Ihre Maschinen bei Ihnen vor Ort ab und bringen Sie Ihnen termingerecht wieder zur\u00fcck.<\/p>\n\n\n\n<p><strong>Maschinenzustands\u00fcberwachung<\/strong><br>Sch\u00e4den an rotierenden Maschinen k\u00fcndigen sich mit Ver\u00e4nderungen im dynamischen Verhalten von Wellen, Getrieben und Lagern an. Durch Fr\u00fcherkennung und Diagnose k\u00f6nnen st\u00f6rungsbedingte Unterbrechungen auf ein Minimum reduziert und Betriebskosten gesenkt werden. Hierzu bieten wir regelm\u00e4\u00dfige Messungen an und erarbeiten f\u00fcr Sie praxisgerechte \u00dcberwachungsstrategien.<\/p>\n\n\n\n<p><strong>Schwingungsdiagnose<\/strong><br>Im Rahmen gezielter Untersuchungen ermitteln wir die Ursachen schwingungstechnischer Probleme und erarbeiten mit Ihnen entsprechende Probleml\u00f6sungsstrategien.<\/p>\n\n\n\n<p><strong>Betriebsauswuchten<\/strong><br>Durch Auswuchten vor Ort ersparen wir Ihnen die Demontage und den Transport Ihrer Maschinens\u00e4tze.<\/p>\n\n\n\n<p><strong>Ausrichten von Maschinensatz-Wellen<\/strong><br>Wir sind in der Lage Ihre Maschinensatz-Wellen, unter Ber\u00fccksichtigung aller Schwierigkeitsgrade, durch Fluchtungskorrekturen und\/oder komplette Fundamentierung zu optimieren.<\/p>\n\n\n\n<p><strong>Geometrievermessung von Maschinen<\/strong><br>Mit einem Lasermessaystem f\u00fchren wir Parallelit\u00e4ts-, Geradheits- und Linearit\u00e4tsvermessungen sowie Korrekturen durch.<\/p>\n\n\n\n<p><strong>Spezialbeschichtungen thermisch &amp; Polymer<\/strong><br>Wir bieten Ihnen Speziall\u00f6sungen im Bereich Verschlei\u00dfschutz gegen Erosion, Abrasion und Korrosion. So erzielen wir f\u00fcr Sie eine Erh\u00f6hung der Standzeiten.<\/p>\n\n\n\n<p><\/p>\n","protected":false},"excerpt":{"rendered":"<p>Gemeinsam mit Ihnen analysieren wir Ihre individuellen Anforderungen und entwickeln ergebnisorientierte L\u00f6sungen. Abhol- und LieferserviceWir holen Ihre Maschinen bei Ihnen vor Ort ab und bringen Sie Ihnen termingerecht wieder zur\u00fcck. Maschinenzustands\u00fcberwachungSch\u00e4den an rotierenden Maschinen k\u00fcndigen sich mit Ver\u00e4nderungen im dynamischen Verhalten von Wellen, Getrieben und Lagern an. Durch Fr\u00fcherkennung und Diagnose k\u00f6nnen st\u00f6rungsbedingte Unterbrechungen auf [&hellip;]<\/p>\n","protected":false},"author":4,"featured_media":0,"parent":0,"menu_order":0,"comment_status":"closed","ping_status":"closed","template":"","meta":[],"_links":{"self":[{"href":"https:\/\/www.hassdenteufel.de\/shop\/wp-json\/wp\/v2\/pages\/88"}],"collection":[{"href":"https:\/\/www.hassdenteufel.de\/shop\/wp-json\/wp\/v2\/pages"}],"about":[{"href":"https:\/\/www.hassdenteufel.de\/shop\/wp-json\/wp\/v2\/types\/page"}],"author":[{"embeddable":true,"href":"https:\/\/www.hassdenteufel.de\/shop\/wp-json\/wp\/v2\/users\/4"}],"replies":[{"embeddable":true,"href":"https:\/\/www.hassdenteufel.de\/shop\/wp-json\/wp\/v2\/comments?post=88"}],"version-history":[{"count":8,"href":"https:\/\/www.hassdenteufel.de\/shop\/wp-json\/wp\/v2\/pages\/88\/revisions"}],"predecessor-version":[{"id":385,"href":"https:\/\/www.hassdenteufel.de\/shop\/wp-json\/wp\/v2\/pages\/88\/revisions\/385"}],"wp:attachment":[{"href":"https:\/\/www.hassdenteufel.de\/shop\/wp-json\/wp\/v2\/media?parent=88"}],"curies":[{"name":"wp","href":"https:\/\/api.w.org\/{rel}","templated":true}]}}